{"id":13,"date":"2020-07-14T22:23:26","date_gmt":"2020-07-15T03:23:26","guid":{"rendered":"http:\/\/3.134.44.221.xip.io\/?page_id=13"},"modified":"2021-10-21T08:03:13","modified_gmt":"2021-10-21T13:03:13","slug":"politica-de-cookies","status":"publish","type":"page","link":"https:\/\/frescura.club\/en\/politica-de-cookies\/","title":{"rendered":"Pol\u00edtica de cookies"},"content":{"rendered":"<div data-elementor-type=\"wp-page\" data-elementor-id=\"13\" class=\"elementor elementor-13\" data-elementor-post-type=\"page\">\n\t\t\t\t\t\t<section class=\"elementor-section elementor-top-section elementor-element elementor-element-2d1e1d1a elementor-section-boxed elementor-section-height-default elementor-section-height-default\" data-id=\"2d1e1d1a\" data-element_type=\"section\">\n\t\t\t\t\t\t<div class=\"elementor-container elementor-column-gap-default\">\n\t\t\t\t\t<div class=\"elementor-column elementor-col-100 elementor-top-column elementor-element elementor-element-38d9131a\" data-id=\"38d9131a\" data-element_type=\"column\">\n\t\t\t<div class=\"elementor-widget-wrap elementor-element-populated\">\n\t\t\t\t\t\t<div class=\"elementor-element elementor-element-2f0eb55a elementor-widget elementor-widget-text-editor\" data-id=\"2f0eb55a\" data-element_type=\"widget\" data-widget_type=\"text-editor.default\">\n\t\t\t\t<div class=\"elementor-widget-container\">\n\t\t\t\t\t\t\t\t\t<div class=\"boldgrid-section\">\r\n<div class=\"container\">\r\n<div class=\"row\">\r\n<div class=\"col-md-12 col-xs-12 col-sm-12\">\r\n\r\n&nbsp;\r\n\r\n<\/div>\r\n<\/div>\r\n<\/div>\r\n<\/div>\t\t\t\t\t\t\t\t<\/div>\n\t\t\t\t<\/div>\n\t\t\t\t\t<\/div>\n\t\t<\/div>\n\t\t\t\t\t<\/div>\n\t\t<\/section>\n\t\t\t\t<section class=\"elementor-section elementor-top-section elementor-element elementor-element-9869685 elementor-section-boxed elementor-section-height-default elementor-section-height-default\" data-id=\"9869685\" data-element_type=\"section\">\n\t\t\t\t\t\t<div class=\"elementor-container elementor-column-gap-default\">\n\t\t\t\t\t<div class=\"elementor-column elementor-col-100 elementor-top-column elementor-element elementor-element-2237652\" data-id=\"2237652\" data-element_type=\"column\">\n\t\t\t<div class=\"elementor-widget-wrap\">\n\t\t\t\t\t\t\t<\/div>\n\t\t<\/div>\n\t\t\t\t\t<\/div>\n\t\t<\/section>\n\t\t\t\t<section class=\"elementor-section elementor-top-section elementor-element elementor-element-6ee8b58 elementor-section-boxed elementor-section-height-default elementor-section-height-default\" data-id=\"6ee8b58\" data-element_type=\"section\">\n\t\t\t\t\t\t<div class=\"elementor-container elementor-column-gap-default\">\n\t\t\t\t\t<div class=\"elementor-column elementor-col-100 elementor-top-column elementor-element elementor-element-66e2457\" data-id=\"66e2457\" data-element_type=\"column\">\n\t\t\t<div class=\"elementor-widget-wrap elementor-element-populated\">\n\t\t\t\t\t\t<div class=\"elementor-element elementor-element-fe7bafe elementor-widget elementor-widget-spacer\" data-id=\"fe7bafe\" data-element_type=\"widget\" data-widget_type=\"spacer.default\">\n\t\t\t\t<div class=\"elementor-widget-container\">\n\t\t\t\t\t\t\t<div class=\"elementor-spacer\">\n\t\t\t<div class=\"elementor-spacer-inner\"><\/div>\n\t\t<\/div>\n\t\t\t\t\t\t<\/div>\n\t\t\t\t<\/div>\n\t\t\t\t\t<\/div>\n\t\t<\/div>\n\t\t\t\t\t<\/div>\n\t\t<\/section>\n\t\t\t\t<\/div>","protected":false},"excerpt":{"rendered":"<p>&nbsp; Uso Concepto Clasificaci\u00f3n Deshabilitar Las nuestras Tu consentimiento Controlar Cookies El portal frescura.club utiliza cookies propias y de terceros con el objetivo principal de mejorar la experiencia y navegaci\u00f3n del usuario en el sitio. Una cookie es un fichero que se descarga en su ordenador, m\u00f3vil o tableta al acceder a determinadas p\u00e1ginas web. &#8230; <\/p>\n<p class=\"read-more-container\"><a title=\"Pol\u00edtica de cookies\" class=\"read-more button\" href=\"https:\/\/frescura.club\/en\/politica-de-cookies\/#more-13\" aria-label=\"Read more about Pol\u00edtica de cookies\">Read more<\/a><\/p>","protected":false},"author":2,"featured_media":0,"parent":0,"menu_order":0,"comment_status":"closed","ping_status":"closed","template":"","meta":{"footnotes":""},"class_list":{"0":"post-13","1":"page","2":"type-page","3":"status-publish","5":"infinite-scroll-item"},"_links":{"self":[{"href":"https:\/\/frescura.club\/en\/wp-json\/wp\/v2\/pages\/13","targetHints":{"allow":["GET"]}}],"collection":[{"href":"https:\/\/frescura.club\/en\/wp-json\/wp\/v2\/pages"}],"about":[{"href":"https:\/\/frescura.club\/en\/wp-json\/wp\/v2\/types\/page"}],"author":[{"embeddable":true,"href":"https:\/\/frescura.club\/en\/wp-json\/wp\/v2\/users\/2"}],"replies":[{"embeddable":true,"href":"https:\/\/frescura.club\/en\/wp-json\/wp\/v2\/comments?post=13"}],"version-history":[{"count":0,"href":"https:\/\/frescura.club\/en\/wp-json\/wp\/v2\/pages\/13\/revisions"}],"wp:attachment":[{"href":"https:\/\/frescura.club\/en\/wp-json\/wp\/v2\/media?parent=13"}],"curies":[{"name":"wp","href":"https:\/\/api.w.org\/{rel}","templated":true}]}}