{"id":511,"date":"2020-07-22T11:46:28","date_gmt":"2020-07-22T16:46:28","guid":{"rendered":"http:\/\/3.134.44.221.xip.io\/?page_id=511"},"modified":"2024-06-09T01:18:24","modified_gmt":"2024-06-09T07:18:24","slug":"eliminar-mi-cuenta","status":"publish","type":"page","link":"https:\/\/frescura.club\/en\/eliminar-mi-cuenta\/","title":{"rendered":"Delete my account"},"content":{"rendered":"<div data-elementor-type=\"wp-page\" data-elementor-id=\"511\" class=\"elementor elementor-511\" data-elementor-post-type=\"page\">\n\t\t\t\t\t\t<section class=\"elementor-section elementor-top-section elementor-element elementor-element-a8a20b5 elementor-section-boxed elementor-section-height-default elementor-section-height-default\" data-id=\"a8a20b5\" data-element_type=\"section\">\n\t\t\t\t\t\t<div class=\"elementor-container elementor-column-gap-default\">\n\t\t\t\t\t<div class=\"elementor-column elementor-col-100 elementor-top-column elementor-element elementor-element-f90f364\" data-id=\"f90f364\" data-element_type=\"column\">\n\t\t\t<div class=\"elementor-widget-wrap elementor-element-populated\">\n\t\t\t\t\t\t<div class=\"elementor-element elementor-element-5841ce1 elementor-widget elementor-widget-text-editor\" data-id=\"5841ce1\" data-element_type=\"widget\" data-widget_type=\"text-editor.default\">\n\t\t\t\t<div class=\"elementor-widget-container\">\n\t\t\t\t\t\t\t\t\t<p>La solicitud para eliminar mi cuenta de usuario es un proceso irreversible una vez confirmes el correo que vas a recibir.<\/p><p>Con este proceso, se eliminar\u00e1n tus datos, pedidos y toda la informaci\u00f3n referente a tu cuenta de usuario.<\/p><p>No hay manera de recuperaci\u00f3n.<\/p>\t\t\t\t\t\t\t\t<\/div>\n\t\t\t\t<\/div>\n\t\t\t\t<div class=\"elementor-element elementor-element-d0e2756 elementor-widget elementor-widget-html\" data-id=\"d0e2756\" data-element_type=\"widget\" data-widget_type=\"html.default\">\n\t\t\t\t<div class=\"elementor-widget-container\">\n\t\t\t\t\t<p>Debes iniciar sesi\u00f3n<\/p>\t\t\t\t<\/div>\n\t\t\t\t<\/div>\n\t\t\t\t<div class=\"elementor-element elementor-element-1f376da elementor-widget elementor-widget-spacer\" data-id=\"1f376da\" data-element_type=\"widget\" data-widget_type=\"spacer.default\">\n\t\t\t\t<div class=\"elementor-widget-container\">\n\t\t\t\t\t\t\t<div class=\"elementor-spacer\">\n\t\t\t<div class=\"elementor-spacer-inner\"><\/div>\n\t\t<\/div>\n\t\t\t\t\t\t<\/div>\n\t\t\t\t<\/div>\n\t\t\t\t\t<\/div>\n\t\t<\/div>\n\t\t\t\t\t<\/div>\n\t\t<\/section>\n\t\t\t\t<\/div>","protected":false},"excerpt":{"rendered":"<p>La solicitud para eliminar mi cuenta de usuario es un proceso irreversible una vez confirmes el correo que vas a recibir. Con este proceso, se eliminar\u00e1n tus datos, pedidos y toda la informaci\u00f3n referente a tu cuenta de usuario. No hay manera de recuperaci\u00f3n.<\/p>","protected":false},"author":2,"featured_media":0,"parent":0,"menu_order":0,"comment_status":"closed","ping_status":"closed","template":"","meta":{"footnotes":""},"class_list":{"0":"post-511","1":"page","2":"type-page","3":"status-publish","5":"infinite-scroll-item"},"_links":{"self":[{"href":"https:\/\/frescura.club\/en\/wp-json\/wp\/v2\/pages\/511","targetHints":{"allow":["GET"]}}],"collection":[{"href":"https:\/\/frescura.club\/en\/wp-json\/wp\/v2\/pages"}],"about":[{"href":"https:\/\/frescura.club\/en\/wp-json\/wp\/v2\/types\/page"}],"author":[{"embeddable":true,"href":"https:\/\/frescura.club\/en\/wp-json\/wp\/v2\/users\/2"}],"replies":[{"embeddable":true,"href":"https:\/\/frescura.club\/en\/wp-json\/wp\/v2\/comments?post=511"}],"version-history":[{"count":0,"href":"https:\/\/frescura.club\/en\/wp-json\/wp\/v2\/pages\/511\/revisions"}],"wp:attachment":[{"href":"https:\/\/frescura.club\/en\/wp-json\/wp\/v2\/media?parent=511"}],"curies":[{"name":"wp","href":"https:\/\/api.w.org\/{rel}","templated":true}]}}