{"id":62,"date":"2020-07-15T02:09:19","date_gmt":"2020-07-15T07:09:19","guid":{"rendered":"http:\/\/3.134.44.221.xip.io\/?page_id=62"},"modified":"2021-10-21T08:03:55","modified_gmt":"2021-10-21T13:03:55","slug":"terminos-y-condiciones","status":"publish","type":"page","link":"https:\/\/frescura.club\/en\/terminos-y-condiciones\/","title":{"rendered":"Terms and Conditions"},"content":{"rendered":"<div data-elementor-type=\"wp-page\" data-elementor-id=\"62\" class=\"elementor elementor-62\" data-elementor-post-type=\"page\">\n\t\t\t\t\t\t<section class=\"elementor-section elementor-top-section elementor-element elementor-element-9df722d elementor-section-boxed elementor-section-height-default elementor-section-height-default\" data-id=\"9df722d\" data-element_type=\"section\">\n\t\t\t\t\t\t<div class=\"elementor-container elementor-column-gap-default\">\n\t\t\t\t\t<div class=\"elementor-column elementor-col-100 elementor-top-column elementor-element elementor-element-244dac2\" data-id=\"244dac2\" data-element_type=\"column\">\n\t\t\t<div class=\"elementor-widget-wrap\">\n\t\t\t\t\t\t\t<\/div>\n\t\t<\/div>\n\t\t\t\t\t<\/div>\n\t\t<\/section>\n\t\t\t\t<\/div>","protected":false},"excerpt":{"rendered":"<p>Regulaci\u00f3n Bolet\u00edn, promociones y ofertas Tarjeta Virtual y Cupones Interpretaci\u00f3n Los presentes t\u00e9rminos y condiciones, regulan el uso del sitio web frescura.club y la plataforma de productos y servicios que en el sitio se ofrece. Bienvenido al sitio web frescura.club y todas sus divisiones, subsidiarias, afiliadas y sitios de internet, la cual le ofrecen acceso &#8230; <\/p>\n<p class=\"read-more-container\"><a title=\"Terms and Conditions\" class=\"read-more button\" href=\"https:\/\/frescura.club\/en\/terminos-y-condiciones\/#more-62\" aria-label=\"Read more about T\u00e9rminos y Condiciones\">Read more<\/a><\/p>","protected":false},"author":2,"featured_media":0,"parent":0,"menu_order":0,"comment_status":"closed","ping_status":"closed","template":"","meta":{"footnotes":""},"class_list":{"0":"post-62","1":"page","2":"type-page","3":"status-publish","5":"infinite-scroll-item"},"_links":{"self":[{"href":"https:\/\/frescura.club\/en\/wp-json\/wp\/v2\/pages\/62","targetHints":{"allow":["GET"]}}],"collection":[{"href":"https:\/\/frescura.club\/en\/wp-json\/wp\/v2\/pages"}],"about":[{"href":"https:\/\/frescura.club\/en\/wp-json\/wp\/v2\/types\/page"}],"author":[{"embeddable":true,"href":"https:\/\/frescura.club\/en\/wp-json\/wp\/v2\/users\/2"}],"replies":[{"embeddable":true,"href":"https:\/\/frescura.club\/en\/wp-json\/wp\/v2\/comments?post=62"}],"version-history":[{"count":0,"href":"https:\/\/frescura.club\/en\/wp-json\/wp\/v2\/pages\/62\/revisions"}],"wp:attachment":[{"href":"https:\/\/frescura.club\/en\/wp-json\/wp\/v2\/media?parent=62"}],"curies":[{"name":"wp","href":"https:\/\/api.w.org\/{rel}","templated":true}]}}